{"id":329,"date":"2019-02-20T10:56:36","date_gmt":"2019-02-20T10:56:36","guid":{"rendered":"http:\/\/wp.bau-kultur-trier.de\/?page_id=329"},"modified":"2019-03-04T10:02:02","modified_gmt":"2019-03-04T10:02:02","slug":"datenschutz","status":"publish","type":"page","link":"https:\/\/bau-kultur-trier.de\/?page_id=329","title":{"rendered":"Datenschutz"},"content":{"rendered":"\n<p>Datenschutzerkl\u00e4rung<\/p>\n\n\n\n<p>Herzlich Willkommen auf der Website des\nBaukultur Trier e.V..<\/p>\n\n\n\n<p>Wir freue uns \u00fcber Ihren Besuch und\n\u00fcber Ihr Interesse an unserem Verein. Den Schutz Ihrer Privatsph\u00e4re\nbei der Erhebung, Verarbeitung und Nutzung Ihrer personenbezogenen\nDaten gem\u00e4\u00df den gesetzlichen Bestimmungen nehmen wir sehr ernst.\nAuf dieser Seite haben wir f\u00fcr Sie zusammengefasst, wie wir mit\nIhren Daten und Ihrer Privatsph\u00e4re umgehen will. Diese Erkl\u00e4rung\nzum Datenschutz gilt nur f\u00fcr die Website bau-kultur-trier.de. Bitte\nbeachten Sie, dass Sie nicht auf Websites anderer Anbieter zutrifft,\nauf die durch Links verweisen wird.<\/p>\n\n\n\n<p>G\u00fcltigkeit der Datenschutzerkl\u00e4rung<\/p>\n\n\n\n<p>Die vorliegende Datenschutzerkl\u00e4rung\nist auch g\u00fcltig f\u00fcr s\u00e4mtliche andere Websites und Pr\u00e4sentationen\nin sozialen Netzwerken des Baukultur Trier e.V.. Die folgende\nAufz\u00e4hlung erhebt keinen Anspruch auf Vollst\u00e4ndigkeit: \n<\/p>\n\n\n\n<p>Was sind personenbezogene Daten?<\/p>\n\n\n\n<p>Personenbezogene Daten im Sinne des\nBundesdatenschutzgesetzes (BDSG) sind Einzelangaben \u00fcber pers\u00f6nliche\nund sachliche Verh\u00e4ltnisse einer bestimmten oder bestimmbaren\nnat\u00fcrlichen Person. Darunter fallen neben Namen und Anschrift etwa\nauch Ihre Telefonnummer oder E-Mail Adresse. Alle diese Daten\nunterliegen nach dem BDSG und anderen datenschutzrechtlichen\nVorschriften einem besonderen Schutz, den wir durch technische und\norganisatorische Ma\u00dfnahmen sicherstellen.<\/p>\n\n\n\n<p>Erhebung nicht personenbezogener Daten<\/p>\n\n\n\n<p>F\u00fcr einen Besuch unserer Website\nben\u00f6tigen wir keine pers\u00f6nlichen Daten von Ihnen. Sie k\u00f6nnen sich\ndort anonym informieren. Lediglich technische Daten, wie den Namen\nIhres Internet Service Providers, Internet-Browser, Betriebssystem,\nBildschirmaufl\u00f6sung sowie die Website, die Sie zu uns gef\u00fchrt hat,\nAnzahl und Datum Ihrer Besuche, die durchschnittliche Verweilzeit und\ndie bei uns besuchten Webseiten werden automatisch (also nicht \u00fcber\neine Registrierung) gespeichert. Diese Daten werten wir\nausschlie\u00dflich statistisch und nicht auf Sie zur\u00fcckf\u00fchrbar aus, um\nmeinen Internet-Auftritt f\u00fcr Sie weiter zu verbessern. Wir nehmen\nden Schutz Ihrer pers\u00f6nlichen Daten sehr ernst und wir halten uns\nstrikt an die Regeln der Datenschutzgesetze. Personenbezogene Daten\nwerden auf dieser Webseite nur im technisch notwendigen Umfang\nerhoben. In keinem Fall werden die erhobenen Daten verkauft oder aus\nanderen Gr\u00fcnden an Dritte weitergegeben. Die nachfolgende Erkl\u00e4rung\ngibt Ihnen einen \u00dcberblick dar\u00fcber, wie wir diesen Schutz\ngew\u00e4hrleisten und welche Art von Daten zu welchem Zweck erhoben\nwerden.<\/p>\n\n\n\n<p>Datenverarbeitung auf dieser\nInternetseite<\/p>\n\n\n\n<p>Baukultur Trier e.V. erhebt und\nspeichert automatisch in seinen Server Log Files Informationen, die\nIhr Browser an uns \u00fcbermittelt.<\/p>\n\n\n\n<p>Dies sind:<\/p>\n\n\n\n<p>Browsertyp\/ -version<\/p>\n\n\n\n<p>verwendetes Betriebssystem<\/p>\n\n\n\n<p>Bezugnehmende URL (die zuvor besuchte\nSeite)<\/p>\n\n\n\n<p>Hostname des zugreifenden Rechners (IP\nAdresse)<\/p>\n\n\n\n<p>Uhrzeit der Serveranfrage<\/p>\n\n\n\n<p>Diese Daten sind f\u00fcr Baukultur Trier\ne.V. nicht bestimmten Personen zuordenbar. Eine Zusammenf\u00fchrung\ndieser Daten mit anderen Datenquellen wird nicht vorgenommen, die\nDaten werden zudem nach einer statistischen Auswertung gel\u00f6scht. In\nVerbindung mit Ihrem Zugriff werden auf unseren Servern Daten f\u00fcr\nSicherungszwecke gespeichert, die m\u00f6glicherweise eine\nIdentifizierung zulassen (IP Adresse). Es findet keine\npersonenbezogene Verwertung statt. Die statistische Auswertung\nanonymisierter Datens\u00e4tze bleibt vorbehalten.<\/p>\n\n\n\n<p>Cookies<\/p>\n\n\n\n<p>Die Internetseiten verwenden an\nmehreren Stellen so genannte \u201cCookies\u201d. Sie dienen dazu, unser\nAngebot nutzerfreundlicher, effektiver und sicherer zu machen.\nCookies sind kleine Textdateien, die auf Ihrem Rechner abgelegt\nwerden und die Ihr Browser speichert. Die meisten der von uns\nverwendeten Cookies sind so genannte \u201cSession-Cookies\u201d. Sie\nwerden nach Ende Ihres Besuchs automatisch gel\u00f6scht. Cookies richten\nauf Ihrem Rechner keinen Schaden an und enthalten keine Viren.<\/p>\n\n\n\n<p>Google<\/p>\n\n\n\n<p>Diese Website benutzt nicht Google\nAnalytics, einen Webanalysedienst der Google Inc. (\u201eGoogle\u201c). \n<\/p>\n\n\n\n<p>Wir m\u00f6chte Ihnen jederzeit Rede und\nAntwort bez\u00fcglich der Verarbeitung Ihrer personenbezogenen Daten\nstehen. Wenn Sie Fragen haben, die Ihnen diese Datenschutzerkl\u00e4rung\nnicht beantworten konnte oder wenn Sie zu einem Punkt vertiefte\nInformationen w\u00fcnschen, wenden Sie sich bitte jederzeit an\ninfo@bau-kultur-trier.de<\/p>\n\n\n\n<p>Kinder und Jugendliche Personen unter\n18 Jahren sollten ohne Zustimmung der Eltern oder\nErziehungsberechtigten keine personenbezogenen Daten an uns\n\u00fcbermitteln.<\/p>\n\n\n\n<p>Links zu anderen Websites<\/p>\n\n\n\n<p>Unser Online-Angebot enth\u00e4lt Links zu\nanderen Websites. Wir habe keinen Einfluss darauf, dass deren\nBetreiber die Datenschutzbestimmungen einhalten. Bei externen Links\nund damit verbundenen Querverweisen handelt es sich stets um\n\u201elebende\u201c (dynamische) Verweisungen. Baukultur Trier e.V. hat bei\nder erstmaligen Verkn\u00fcpfung den fremden Inhalt daraufhin \u00fcberpr\u00fcft,\nob durch ihn eine m\u00f6gliche zivilrechtliche oder strafrechtliche\nVerantwortlichkeit ausgel\u00f6st wird. Baukultur Trier e.V. ist nach dem\nGesetz nicht dazu verpflichtet, die Inhalte, auf die er\nin seinem Angebot verweist, st\u00e4ndig auf Ver\u00e4nderungen zu\n\u00fcberpr\u00fcfen, die eine Verantwortlichkeit neu begr\u00fcnden k\u00f6nnten.\nErst wenn Baukultur Trier e.V. feststellt oder von anderen darauf\nhingewiesen wird, dass ein konkretes Angebot, zu dem er\neinen externen Link bereitgestellt hat, eine zivil- oder\nstrafrechtliche Verantwortlichkeit ausl\u00f6st, wird Baukultur Trier\ne.V. den Verweis auf dieses Angebot aufheben, soweit ihm dies\ntechnisch m\u00f6glich und zumutbar ist.<\/p>\n\n\n\n<p>Verwendung von Youtube-Videos<\/p>\n\n\n\n<p>Zur Anzeige und Wiedergabe von Videos\ndes Anbieters \u201eYoutube\u201c nutzt diese Website die\nYoutube-Einbettungsfunktion.  Youtube geh\u00f6rt der Google Ireland\nLimited, Gordon House, 4 Barrow St, Dublin, D04 E5W5, Irland\n(\u201eGoogle\u201c).<\/p>\n\n\n\n<p>Der erweiterte Datenschutzmodus kommt\ndabei zur Anwendung. Nach Anbieterangaben setzt der erweiterte\nDatenschutzmodus eine Speicherung von Nutzerinformationen erst bei\nWiedergabe des\/der Videos in Gang. Um Informationen \u00fcber das\nNutzerverhalten zu sammeln, setzt der Anbieter \u201eYoutube\u201c Cookies,\nwenn die Wiedergabe eingebetteter Youtube-Videos gestartet wird.<\/p>\n\n\n\n<p>\u201eYoutube\u201c sagt, diese Daten dienen\nunter anderem dazu, Videostatistiken zu erfassen, die\nNutzerfreundlichkeit zu verbessern und missbr\u00e4uchliche\nHandlungsweisen zu unterbinden. Wenn Sie bei Google eingeloggt sind,\nwerden Ihre Daten direkt Ihrem Konto zugeordnet, wenn Sie ein Video\nanklicken. Wenn Sie die Zuordnung mit Ihrem Profil bei YouTube nicht\nw\u00fcnschen, m\u00fcssen Sie sich vor Aktivierung des Buttons ausloggen.\nGoogle speichert Ihre Daten (selbst f\u00fcr nicht eingeloggte Nutzer)\nals Nutzungsprofile und wertet diese aus.<\/p>\n\n\n\n<p>Eine solche Auswertung erfolgt\ninsbesondere gem\u00e4\u00df Art. 6 Abs. 1 lit.f DSGVO auf Basis der\nberechtigten Interessen von Google an der Einblendung\npersonalisierter Werbung, Marktforschung und\/oder bedarfsgerechten\nGestaltung seiner Website. Ihnen steht ein Widerspruchsrecht zu gegen\ndie Bildung dieser Nutzerprofile, wobei Sie sich zur Aus\u00fcbung dessen\nan YouTube richten m\u00fcssen.<\/p>\n\n\n\n<p>Im Rahmen der Nutzung von Youtube kann\nes auch zu einer \u00dcbermittlung von personenbezogenen Daten an die\nServer der Google LLC. in den USA kommen.<\/p>\n\n\n\n<p>Unabh\u00e4ngig von einer Wiedergabe der\neingebetteten Videos wird bei jedem Aufruf dieser Website eine\nVerbindung zum Google-Netzwerk aufgenommen, was ohne unseren Einfluss\nweitere Datenverarbeitungsvorg\u00e4nge ausl\u00f6sen kann.<\/p>\n\n\n\n<p>F\u00fcr den Fall der \u00dcbermittlung von\npersonenbezogenen Daten an die Google LLC. mit Sitz in den USA, hat\nsich Google LLC. f\u00fcr das us-europ\u00e4ische Datenschutz\u00fcbereinkommen\n\u201ePrivacy Shield\u201c zertifiziert, welches die Einhaltung des in der\nEU geltenden Datenschutzniveaus gew\u00e4hrleistet. Ein aktuelles\nZertifikat kann hier eingesehen werden:<\/p>\n\n\n\n<p><a href=\"https:\/\/www.privacyshield.gov\/list\">https:\/\/www.privacyshield.gov\/list<\/a><\/p>\n\n\n\n<p>Weitere Informationen zum Datenschutz\nbei \u201eYouTube\u201c finden Sie in der Datenschutzerkl\u00e4rung des\nAnbieters unter:<\/p>\n\n\n\n<p><a href=\"https:\/\/www.google.de\/intl\/de\/policies\/privacy\">https:\/\/www.google.de\/intl\/de\/policies\/privacy<\/a><\/p>\n\n\n\n<p>Datenschutzerkl\u00e4rung f\u00fcr die Nutzung\nvon LinkedIn und Xing<\/p>\n\n\n\n<p>Unsere Website nutzt Funktionen des\nNetzwerks LinkedIn. Anbieter ist die LinkedIn Corporation, 2029\nStierlin Court, Mountain View, CA 94043, USA. Und Xing. Betreiber der\nXING-Website: XING AG Dammtorstra\u00dfe 30 20354 Hamburg. Bei jedem\nAbruf einer unserer Seiten, die Funktionen von LinkedIn oder Xing\nenth\u00e4lt, wird eine Verbindung zu Servern von LinkedIn oder Xing\naufbaut. LinkedIn oder Xing wird dar\u00fcber informiert, dass Sie unsere\nInternetseiten mit Ihrer IP-Adresse besucht haben. Wenn Sie den\n&#8222;Recommend-Button&#8220; von LinkedIn anklicken und in Ihrem\nAccount bei LinkedIn oder Xing eingeloggt sind, ist es LinkedIn oder\nXing m\u00f6glich, Ihren Besuch auf unserer Internetseite Ihnen und Ihrem\nBenutzerkonto zuzuordnen.<\/p>\n\n\n\n<p>Wir weisen darauf hin, dass wir als\nAnbieter der Seiten keine Kenntnis vom Inhalt der \u00fcbermittelten\nDaten sowie deren Nutzung durch LinkedIn oder Xing habe. Weitere\nInformationen hierzu finden Sie in der Datenschutzerkl\u00e4rung von\nLinkedIn unter: www.linkedin.com\/legal\/privacy-policy Und Xing unter:\nhttps:\/\/www.xing.com\/privacy<\/p>\n\n\n\n<p>Datenschutzerkl\u00e4rung f\u00fcr die Nutzung\nvon Twitter<\/p>\n\n\n\n<p>Auf unseren Seiten sind Funktionen des\nDienstes Twitter eingebunden. Diese Funktionen werden angeboten durch\ndie Twitter Inc., 1355 Market Street, Suite 900, San Francisco, CA\n94103, USA. Durch das Benutzen von Twitter und der Funktion\n&#8222;Re-Tweet&#8220; werden die von Ihnen besuchten Webseiten mit\nIhrem Twitter-Account verkn\u00fcpft und anderen Nutzern bekannt gegeben.\nDabei werden auch Daten an Twitter \u00fcbertragen. Wir weisen darauf\nhin, dass wir als Anbieter der Seiten keine Kenntnis vom Inhalt der\n\u00fcbermittelten Daten sowie deren Nutzung durch Twitter erhalten.\nWeitere Informationen hierzu finden Sie in der Datenschutzerkl\u00e4rung\nvon Twitter unter twitter.com\/privacy. Ihre Datenschutzeinstellungen\nbei Twitter k\u00f6nnen Sie in den Konto-Einstellungen unter\ntwitter.com\/account\/settings \u00e4ndern.<\/p>\n\n\n\n<p>Urheberrecht<\/p>\n\n\n\n<p>Alle Rechte vorbehalten.<\/p>\n\n\n\n<p>Alle Texte, Bilder, Grafiken, Ton-,\nVideo- und Animationsdateien unterliegen dem Urheberrecht gem\u00e4\u00df den\n\u00a7\u00a7 1 ff. UrhG und anderen Gesetzen zum Schutz geistigen Eigentums.\nSie d\u00fcrfen weder f\u00fcr Handelszwecke oder zur Weitergabe kopiert,\nnoch ver\u00e4ndert und auf anderen Websites verwendet werden. Davon\nausdr\u00fccklich ausgenommen sind alle Texte, Bilder und Grafiken, die\nzum Download bereitstehen und ausdr\u00fccklich zur Ver\u00f6ffentlichung\nvorgesehen sind. Einige Seiten der Baukultur Trier e.V.\nInternet-Pr\u00e4senz enthalten auch Bilder, die dem Urheberrecht\nderjenigen unterliegen, die diese zur Verf\u00fcgung gestellt haben.<\/p>\n\n\n\n<p>Marken und Warenzeichen<\/p>\n\n\n\n<p>Alle innerhalb des Internetangebots\ngenannten und gegebenenfalls durch Dritte gesch\u00fctzten Marken- und\nWarenzeichen unterliegen uneingeschr\u00e4nkt den \u00a7\u00a7 1ff. MarkenG,\nsowie des jeweils g\u00fcltigen Kennzeichenrechts und den Besitzrechten\nder jeweiligen eingetragenen Eigent\u00fcmer. Allein aufgrund der blo\u00dfen\nNennung ist nicht der Schluss zu ziehen, dass Markenzeichen nicht\ndurch Rechte Dritter gesch\u00fctzt sind. Einige der auf diesen Seiten\nverwendeten Begriffe k\u00f6nnen eingetragene Warenzeichen sein. Sie\nwurden lediglich zu Referenzzwecken verwendet und sind &#8211; unabh\u00e4ngig\nvon ihrer Kennzeichnung &#8211; Eigentum ihrer jeweiligen Inhaber.<\/p>\n\n\n\n<p>Rechtswirksamkeit dieser\nDatenschutzerkl\u00e4rung<\/p>\n\n\n\n<p>Diese Datenschutzerkl\u00e4rung ist als\nTeil des Internetangebotes zu betrachten, von dem aus auf diese Seite\nverwiesen wurde. Sofern Teile oder einzelne Formulierungen dieses\nTextes der geltenden Rechtslage nicht, nicht mehr oder nicht\nvollst\u00e4ndig entsprechen sollten, bleiben die \u00fcbrigen Teile des\nDokumentes in ihrem Inhalt und ihrer G\u00fcltigkeit davon unber\u00fchrt.<\/p>\n\n\n\n<p>Sicherheit personenbezogener Daten<\/p>\n\n\n\n<p>Baukultur Trier e.V. trifft technische\nund organisatorische Vorkehrungen, um die Sicherheit Ihrer durch uns\nverwalteten personenbezogener Daten zu gew\u00e4hrleisten. Ihre Daten\nwerden gewissenhaft vor Verlust, Zerst\u00f6rung, Verf\u00e4lschung,\nManipulation und unberechtigtem Zugriff oder unberechtigter\nOffenlegung gesch\u00fctzt. Bitte beachten Sie, dass Daten, die Sie an\nuns per E-Mail oder \u00fcber Anfrageformulare auf unserem\nInternetangebot zukommen lassen, \u00fcber das Internet unverschl\u00fcsselt\n\u00fcbertragen werden und so nicht ausgeschlossen werden kann, dass\ndiese Daten von unbefugten Dritten eingesehen werden. Wir bitten Sie\ndaher, vertrauliche Informationen nur per Post, Fax oder\nverschl\u00fcsselter E-Mail an uns zu senden.<\/p>\n\n\n\n<p>Auskunfts- und Korrekturrechte\ngespeicherter personenbezogener Daten<\/p>\n\n\n\n<p>Gem\u00e4\u00df \u00a7 34 BDSG haben Sie das Recht\nauf Auskunft \u00fcber Ihre durch uns gespeicherten personenbezogenen\nDaten sowie gem\u00e4\u00df \u00a7 35 BDSG das Recht auf Berichtigung unrichtiger\nDaten bzw. auf L\u00f6schung\/Sperrung unzul\u00e4ssig gespeicherter Daten.\nWenn Sie Fragen oder Anregungen hinsichtlich der Verarbeitung Ihrer\npers\u00f6nlichen Daten haben k\u00f6nnen Sie sich gerne unter dem Stichwort\n&#8222;Datenschutz&#8220; an uns wenden.<\/p>\n\n\n\n<p>Verwenden Sie dazu bitte eine der\nfolgenden M\u00f6glichkeiten:<\/p>\n\n\n\n<p>bau-kultur-trier e.V.<\/p>\n\n\n\n<p>wechselstra\u00dfe 4 | 54290 Trier<\/p>\n\n\n\n<p>Telefon: +49 651 57759<\/p>\n\n\n\n<p>Telefax: +49 651 9951033<\/p>\n\n\n\n<p>Oder info@bau-kultur-trier.de<\/p>\n\n\n\n<p>Haftungsausschluss Inhalt des\nOnlineangebotes<\/p>\n\n\n\n<p>Baukultur Trier e.V. (im Folgenden\nAutor genannt) \u00fcbernimmt keinerlei Gew\u00e4hr f\u00fcr die Aktualit\u00e4t,\nKorrektheit, Vollst\u00e4ndigkeit oder Qualit\u00e4t der bereitgestellten\nInformationen. Haftungsanspr\u00fcche gegen Baukultur Trier e.V., die\nsich auf Sch\u00e4den materieller oder ideeller Art beziehen, welche\ndurch die Nutzung oder Nichtnutzung der dargebotenen Informationen\nbzw. durch die Nutzung fehlerhafter und unvollst\u00e4ndiger\nInformationen verursacht wurden sind grunds\u00e4tzlich ausgeschlossen,\nsofern seitens Baukultur Trier e.V. kein nachweislich vors\u00e4tzliches\noder grob fahrl\u00e4ssiges Verschulden vorliegt. Alle Angebote sind\nfreibleibend und unverbindlich. Die Autoren behalten sich\nausdr\u00fccklich vor, Teile der Seiten oder das gesamte Angebot ohne\ngesonderte Ank\u00fcndigung zu ver\u00e4ndern, zu erg\u00e4nzen, zu l\u00f6schen oder\ndie Ver\u00f6ffentlichung zeitweise oder endg\u00fcltig einzustellen. \n<\/p>\n\n\n\n<p>Verweise und externe Links \n<\/p>\n\n\n\n<p>Bei direkten oder indirekten Verweisen\nauf fremde Internetseiten (&#8222;Links&#8220;), die au\u00dferhalb des\nVerantwortungsbereiches der Autoren liegen, haften diese nur dann,\nwenn sie von den Inhalten Kenntnis hatten und es ihnen technisch\nm\u00f6glich und zumutbar w\u00e4re, die Nutzung im Falle rechtswidriger\nInhalte zu verhindern. Der Autoren erkl\u00e4ren hiermit ausdr\u00fccklich,\ndass zum Zeitpunkt der Linksetzung die entsprechenden verlinkten\nSeiten frei von illegalen Inhalten waren. Die Autoren erkl\u00e4ren\nweiterhin, dass sie keinerlei Einfluss auf die aktuelle und\nzuk\u00fcnftige Gestaltung und auf die Inhalte der gelinkten \/\nverkn\u00fcpften Seiten haben. Deshalb distanzieren die Autoren sich\nhiermit ausdr\u00fccklich von allen Inhalten aller gelinkten \/\nverkn\u00fcpften Seiten, die nach der Linksetzung ver\u00e4ndert wurden.\nDiese Feststellung gilt f\u00fcr alle innerhalb des eigenen\nInternetangebotes gesetzten Links und Verweise sowie f\u00fcr\nFremdeintr\u00e4ge in von den Autoren eingerichteten G\u00e4steb\u00fcchern,\nDiskussionsforen und Mailinglisten. F\u00fcr illegale, fehlerhafte oder\nunvollst\u00e4ndige Inhalte und insbesondere f\u00fcr Sch\u00e4den, die aus der\nNutzung oder Nichtnutzung solcherart dargebotener Informationen\nentstehen, haftet allein der Anbieter der Seite, auf welche verwiesen\nwurde, nicht derjenige, der \u00fcber Links auf die jeweilige\nVer\u00f6ffentlichung lediglich verweist. Wenn Baukultur Trier e.V.\nfeststellt oder von anderen darauf hingewiesen wird, dass ein\nkonkretes Angebot, zu dem es einen externen Link bereitgestellt hat,\neine zivil- oder strafrechtliche Verantwortlichkeit ausl\u00f6st, wird\nBaukultur Trier e.V. den Verweis auf dieses Angebot aufheben, soweit\ndies technisch m\u00f6glich und zumutbar ist.<\/p>\n\n\n\n<p>Urheberrecht<\/p>\n\n\n\n<p>Die Autoren sind bestrebt, in allen\nPublikationen die Urheberrechte der verwendeten Grafiken,\nTondokumente, Videosequenzen und Texte zu beachten, von selbst\nerstellten Grafiken, Tondokumente, Videosequenzen und Texte zu nutzen\noder auf lizenzfreie Grafiken, Tondokumente, Videosequenzen und Texte\nzur\u00fcckzugreifen. Das Copyright f\u00fcr ver\u00f6ffentlichte, von den\nAutoren selbst erstellten Objekte, bleibt allein beim jeweiligen\nAutor. Eine Vervielf\u00e4ltigung oder Verwendung solcher Grafiken,\nTondokumente, Videosequenzen und Texte in anderen elektronischen oder\ngedruckten Publikationen ist ohne ausdr\u00fcckliche Zustimmung des\njeweiligen Autors nicht gestattet. Ausgenommen sind alle Texte und\nBilder, die ausdr\u00fccklich zur Ver\u00f6ffentlichung vorgesehen sind. \n<\/p>\n\n\n\n<p>Rechtswirksamkeit dieses\nHaftungsausschlusses<\/p>\n\n\n\n<p>Dieser Haftungsausschluss ist als Teil\ndes Internetangebotes zu betrachten, von dem aus auf diese Seite\nverwiesen wurde. Sofern Teile oder einzelne Formulierungen dieses\nTextes der geltenden Rechtslage nicht, nicht mehr oder nicht\nvollst\u00e4ndig entsprechen sollten, bleiben die \u00fcbrigen Teile des\nDokumentes in ihrem Inhalt und ihrer G\u00fcltigkeit davon unber\u00fchrt.\nF\u00fcr weitere Informationen und Fragen senden Sie bitte eine E-Mail\ndirekt an info@bau-kultur-trier.de oder kontaktieren Sie den Verein\nper Briefpost. bau-kultur-trier e.V. | Wechselstra\u00dfe 4 | 54290 Trier<\/p>\n\n\n\n<p>Noch Fragen?<\/p>\n\n\n\n<p>Bitte senden Sie uns Ihre Anfrage oder\nf\u00fcllen Sie unser E-Mail Formular aus.<\/p>\n\n\n\n<p>Einige der auf diesen Seiten\nverwendeten Begriffe k\u00f6nnen eingetragene Warenzeichen sein. Sie\nwurden lediglich zu Referenzzwecken verwendet und sind &#8211; unabh\u00e4ngig\nvon Ihrer Kennzeichnung &#8211; Eigentum ihrer jeweiligen Inhaber.<\/p>\n\n\n\n<p>Technische \u00c4nderungen vorbehalten ohne\nVorank\u00fcndigung.<\/p>\n","protected":false},"excerpt":{"rendered":"<p>Datenschutzerkl\u00e4rung Herzlich Willkommen auf der Website des Baukultur Trier e.V.. Wir freue uns \u00fcber Ihren Besuch und \u00fcber Ihr Interesse an unserem Verein. Den Schutz Ihrer Privatsph\u00e4re bei der Erhebung, Verarbeitung und Nutzung Ihrer personenbezogenen<\/p>\n","protected":false},"author":2,"featured_media":0,"parent":0,"menu_order":0,"comment_status":"closed","ping_status":"closed","template":"","meta":{"footnotes":""},"class_list":["post-329","page","type-page","status-publish","hentry"],"_links":{"self":[{"href":"https:\/\/bau-kultur-trier.de\/index.php?rest_route=\/wp\/v2\/pages\/329","targetHints":{"allow":["GET"]}}],"collection":[{"href":"https:\/\/bau-kultur-trier.de\/index.php?rest_route=\/wp\/v2\/pages"}],"about":[{"href":"https:\/\/bau-kultur-trier.de\/index.php?rest_route=\/wp\/v2\/types\/page"}],"author":[{"embeddable":true,"href":"https:\/\/bau-kultur-trier.de\/index.php?rest_route=\/wp\/v2\/users\/2"}],"replies":[{"embeddable":true,"href":"https:\/\/bau-kultur-trier.de\/index.php?rest_route=%2Fwp%2Fv2%2Fcomments&post=329"}],"version-history":[{"count":3,"href":"https:\/\/bau-kultur-trier.de\/index.php?rest_route=\/wp\/v2\/pages\/329\/revisions"}],"predecessor-version":[{"id":405,"href":"https:\/\/bau-kultur-trier.de\/index.php?rest_route=\/wp\/v2\/pages\/329\/revisions\/405"}],"wp:attachment":[{"href":"https:\/\/bau-kultur-trier.de\/index.php?rest_route=%2Fwp%2Fv2%2Fmedia&parent=329"}],"curies":[{"name":"wp","href":"https:\/\/api.w.org\/{rel}","templated":true}]}}